{"id":295,"date":"2016-04-12T16:28:45","date_gmt":"2016-04-12T16:28:45","guid":{"rendered":"http:\/\/themes.opendept.net\/hemma-elegant\/?page_id=295"},"modified":"2023-01-14T16:45:26","modified_gmt":"2023-01-14T15:45:26","slug":"about","status":"publish","type":"page","link":"http:\/\/ferienpark-ziegelhuette.de\/?page_id=295","title":{"rendered":"\u00dcber uns"},"content":{"rendered":"<h1><strong>Raus aus dem Alltagsstress!<\/strong><\/h1>\n<p class=\"stylesheet\">Erleben Sie eine erholsame Auszeit im Ferienpark Ziegelh\u00fctte, umgeben von einer herrlichen Landschaft und unber\u00fchrter Natur im Naturpark &#8222;Hessischer Spessart&#8220;.<\/p>\n<p class=\"p1\">Unsere Ferienanlage liegt an einem sehr ruhig gelegenen, sonnigen S\u00fcdwesthang. Direkt vor der Haust\u00fcr erwarten Sie kilometerlange Wander- und Radwege. In den umliegenden Ortschaften haben Sie die M\u00f6glichkeit, Angeln, Tennisspielen oder Golfspielen zu gehen.<\/p>\n<p>Ein Freibad (ca. 2km) sorgt an hei\u00dfen Sommertagen f\u00fcr angenehme Abk\u00fchlung &#8211; im Winter k\u00f6nnen Sie in der nahegelegenen Therme in Bad Orb (ca. 12km) die Seele baumeln lassen.<\/p>\n<p class=\"stylesheet\">Im Umland finden Sie viele Einkaufs- und Einkehrm\u00f6glichkeiten. Tipp<b>: <\/b>Im Gasthaus Ziegelh\u00fctte direkt unterhalb des Ferienparks k\u00f6nnen Sie im wundersch\u00f6nen Biergarten bei naturtr\u00fcbem Kellerbier griechische und deutsche Spezialit\u00e4ten genie\u00dfen.<\/p>\n<p>Wir freuen uns auf Sie!<\/p>\n","protected":false},"excerpt":{"rendered":"<p>Raus aus dem Alltagsstress! Erleben Sie eine erholsame Auszeit im Ferienpark Ziegelh\u00fctte, umgeben von einer herrlichen Landschaft und unber\u00fchrter Natur im Naturpark &#8222;Hessischer Spessart&#8220;. Unsere Ferienanlage liegt an einem sehr ruhig gelegenen, sonnigen S\u00fcdwesthang. Direkt vor der Haust\u00fcr erwarten Sie kilometerlange Wander- und Radwege. In den umliegenden Ortschaften haben Sie die M\u00f6glichkeit, Angeln, Tennisspielen oder [&hellip;]<\/p>\n","protected":false},"author":1,"featured_media":0,"parent":0,"menu_order":0,"comment_status":"closed","ping_status":"closed","template":"template-hero.php","meta":[],"_links":{"self":[{"href":"http:\/\/ferienpark-ziegelhuette.de\/index.php?rest_route=\/wp\/v2\/pages\/295"}],"collection":[{"href":"http:\/\/ferienpark-ziegelhuette.de\/index.php?rest_route=\/wp\/v2\/pages"}],"about":[{"href":"http:\/\/ferienpark-ziegelhuette.de\/index.php?rest_route=\/wp\/v2\/types\/page"}],"author":[{"embeddable":true,"href":"http:\/\/ferienpark-ziegelhuette.de\/index.php?rest_route=\/wp\/v2\/users\/1"}],"replies":[{"embeddable":true,"href":"http:\/\/ferienpark-ziegelhuette.de\/index.php?rest_route=%2Fwp%2Fv2%2Fcomments&post=295"}],"version-history":[{"count":24,"href":"http:\/\/ferienpark-ziegelhuette.de\/index.php?rest_route=\/wp\/v2\/pages\/295\/revisions"}],"predecessor-version":[{"id":1735,"href":"http:\/\/ferienpark-ziegelhuette.de\/index.php?rest_route=\/wp\/v2\/pages\/295\/revisions\/1735"}],"wp:attachment":[{"href":"http:\/\/ferienpark-ziegelhuette.de\/index.php?rest_route=%2Fwp%2Fv2%2Fmedia&parent=295"}],"curies":[{"name":"wp","href":"https:\/\/api.w.org\/{rel}","templated":true}]}}